{"id":1750,"date":"2021-12-06T17:33:05","date_gmt":"2021-12-06T16:33:05","guid":{"rendered":"https:\/\/www.au-riesling.com\/contact\/"},"modified":"2026-04-08T14:30:46","modified_gmt":"2026-04-08T12:30:46","slug":"contact","status":"publish","type":"page","link":"https:\/\/www.au-riesling.com\/en\/contact\/","title":{"rendered":"Contact"},"content":{"rendered":"\t\t<div data-elementor-type=\"wp-page\" data-elementor-id=\"1750\" class=\"elementor elementor-1750 elementor-43\" data-elementor-settings=\"{&quot;ha_cmc_init_switcher&quot;:&quot;no&quot;}\" data-elementor-post-type=\"page\">\n\t\t\t\t\t\t<section class=\"elementor-section elementor-top-section elementor-element elementor-element-216bc25 elementor-section-height-min-height elementor-section-boxed elementor-section-height-default elementor-section-items-middle\" data-id=\"216bc25\" data-element_type=\"section\" data-e-type=\"section\" data-settings=\"{&quot;background_background&quot;:&quot;classic&quot;,&quot;_ha_eqh_enable&quot;:false}\">\n\t\t\t\t\t\t\t<div class=\"elementor-background-overlay\"><\/div>\n\t\t\t\t\t\t\t<div class=\"elementor-container elementor-column-gap-default\">\n\t\t\t\t\t<div class=\"elementor-column elementor-col-100 elementor-top-column elementor-element elementor-element-35b95de\" data-id=\"35b95de\" data-element_type=\"column\" data-e-type=\"column\">\n\t\t\t<div class=\"elementor-widget-wrap elementor-element-populated\">\n\t\t\t\t\t\t<div class=\"elementor-element elementor-element-2cce527 elementor-widget elementor-widget-heading\" data-id=\"2cce527\" data-element_type=\"widget\" data-e-type=\"widget\" data-widget_type=\"heading.default\">\n\t\t\t\t\t<h2 class=\"elementor-heading-title elementor-size-default\">Contact us<\/h2>\t\t\t\t<\/div>\n\t\t\t\t\t<\/div>\n\t\t<\/div>\n\t\t\t\t\t<\/div>\n\t\t<\/section>\n\t\t\t\t<section class=\"elementor-section elementor-top-section elementor-element elementor-element-6f04869 elementor-section-boxed elementor-section-height-default elementor-section-height-default\" data-id=\"6f04869\" data-element_type=\"section\" data-e-type=\"section\" data-settings=\"{&quot;_ha_eqh_enable&quot;:false}\">\n\t\t\t\t\t\t<div class=\"elementor-container elementor-column-gap-default\">\n\t\t\t\t\t<div class=\"elementor-column elementor-col-50 elementor-top-column elementor-element elementor-element-684126a\" data-id=\"684126a\" data-element_type=\"column\" data-e-type=\"column\">\n\t\t\t<div class=\"elementor-widget-wrap elementor-element-populated\">\n\t\t\t\t\t\t<div class=\"elementor-element elementor-element-22e9a95 elementor-widget elementor-widget-heading\" data-id=\"22e9a95\" data-element_type=\"widget\" data-e-type=\"widget\" data-widget_type=\"heading.default\">\n\t\t\t\t\t<h2 class=\"elementor-heading-title elementor-size-default\">Made with Riesling<\/h2>\t\t\t\t<\/div>\n\t\t\t\t<div class=\"elementor-element elementor-element-1347644 elementor-widget elementor-widget-text-editor\" data-id=\"1347644\" data-element_type=\"widget\" data-e-type=\"widget\" data-widget_type=\"text-editor.default\">\n\t\t\t\t\t\t\t\t\t<p>5 Route du Vin, 68340 Zellenberg<\/p>\n<p>Tel.: <a href=\"tel:+33389478585\">+33 3 89 47 85 85<\/a><\/p>\n<p>Email: <a href=\"mailto:contact@au-riesling.com\">contact@au-riesling.com<\/a><\/p>\n<p><span style=\"text-decoration: underline\"><strong>DRIVING DIRECTIONS: <\/strong><\/span><\/p>\n<p>From Mulhouse &gt; Take the D3 exit toward Ostheim-Ribeauvill\u00e9-Riquewihr, then follow signs for Ribeauvill\u00e9.<\/p>\n<p>From Strasbourg &gt; Take the D416b exit toward Ostheim &#8211; Beblenheim &#8211; Riquewihr, then follow signs for Ribeauvill\u00e9<\/p>\n<p><em>To help protect the environment, please use public transportation (trains, buses), carpooling, or bicycles.\u00a0<\/em><\/p>\n\t\t\t\t\t\t\t\t<\/div>\n\t\t\t\t<div class=\"elementor-element elementor-element-d4e82f3 elementor-widget elementor-widget-image\" data-id=\"d4e82f3\" data-element_type=\"widget\" data-e-type=\"widget\" data-widget_type=\"image.default\">\n\t\t\t\t\t\t\t\t\t\t\t\t\t\t\t\t<a href=\"https:\/\/www.contact-hotel.com\/hotel-france\/6618\/hotel-au-riesling-zellenberg.htm\" target=\"_blank\">\n\t\t\t\t\t\t\t<img decoding=\"async\" src=\"https:\/\/www.au-riesling.com\/wp-content\/uploads\/elementor\/thumbs\/contact-hotels-logo-qz9eab3xdk1vd4fx66yn3qrinevfpgeg89doh67ugw.png\" title=\"contact-hotels-logo\" alt=\"contact-hotels-logo\" loading=\"lazy\" \/>\t\t\t\t\t\t\t\t<\/a>\n\t\t\t\t\t\t\t\t\t\t\t\t\t\t\t<\/div>\n\t\t\t\t<div class=\"elementor-element elementor-element-ad88330 elementor-widget elementor-widget-heading\" data-id=\"ad88330\" data-element_type=\"widget\" data-e-type=\"widget\" data-widget_type=\"heading.default\">\n\t\t\t\t\t<h3 class=\"elementor-heading-title elementor-size-default\">The Restaurant<\/h3>\t\t\t\t<\/div>\n\t\t\t\t<div class=\"elementor-element elementor-element-5d96121 elementor-widget elementor-widget-text-editor\" data-id=\"5d96121\" data-element_type=\"widget\" data-e-type=\"widget\" data-widget_type=\"text-editor.default\">\n\t\t\t\t\t\t\t\t\t<p>The restaurant is open from 12:00 PM to 2:00 PM (last order) and in the evening we offer two seatings: at 7:00 PM and 7:45 PM.<\/p>\n<p>We are closed for lunch on Mondays, Tuesdays, and Saturdays, and for dinner on Sundays.<\/p>\n<p><span style=\"text-decoration: underline\">Our restaurant will be closed:<\/span>\n<br \/>\nDecember 24, 2026, at noon<br \/>\n; December 25, 2026, all day<br \/>\n; December 26, 2026, all day<br \/>\n; December 31, 2026, at noon<\/p>\n\t\t\t\t\t\t\t\t<\/div>\n\t\t\t\t\t<\/div>\n\t\t<\/div>\n\t\t\t\t<div class=\"elementor-column elementor-col-50 elementor-top-column elementor-element elementor-element-e401cdc\" data-id=\"e401cdc\" data-element_type=\"column\" data-e-type=\"column\" data-settings=\"{&quot;background_background&quot;:&quot;classic&quot;}\">\n\t\t\t<div class=\"elementor-widget-wrap elementor-element-populated\">\n\t\t\t\t\t\t<div class=\"elementor-element elementor-element-58bec13 elementor-button-align-stretch elementor-widget elementor-widget-form\" data-id=\"58bec13\" data-element_type=\"widget\" data-e-type=\"widget\" data-settings=\"{&quot;step_next_label&quot;:&quot;Suivant&quot;,&quot;step_previous_label&quot;:&quot;Pr\\u00e9c\\u00e9dent&quot;,&quot;button_width&quot;:&quot;100&quot;,&quot;step_type&quot;:&quot;number_text&quot;,&quot;step_icon_shape&quot;:&quot;circle&quot;}\" data-widget_type=\"form.default\">\n\t\t\t\t\t\t\t<form class=\"elementor-form\" method=\"post\" name=\"Formulaire contact\" aria-label=\"Formulaire contact\">\n\t\t\t<input type=\"hidden\" name=\"post_id\" value=\"1750\"\/>\n\t\t\t<input type=\"hidden\" name=\"form_id\" value=\"58bec13\"\/>\n\t\t\t<input type=\"hidden\" name=\"referer_title\" value=\"3-star hotel Route des vins near Riquewihr - Contact - H\u00f4tel Restaurant climatis\u00e9 Alsace | Site Officiel\" \/>\n\n\t\t\t\t\t\t\t<input type=\"hidden\" name=\"queried_id\" value=\"1750\"\/>\n\t\t\t\n\t\t\t<div class=\"elementor-form-fields-wrapper elementor-labels-above\">\n\t\t\t\t\t\t\t\t<div class=\"elementor-field-type-text elementor-field-group elementor-column elementor-field-group-name elementor-col-100 elementor-field-required elementor-mark-required\">\n\t\t\t\t\t\t\t\t\t\t\t\t<label for=\"form-field-name\" class=\"elementor-field-label\">\n\t\t\t\t\t\t\t\tNom\t\t\t\t\t\t\t<\/label>\n\t\t\t\t\t\t\t\t\t\t\t\t\t\t<input size=\"1\" type=\"text\" name=\"form_fields[name]\" id=\"form-field-name\" class=\"elementor-field elementor-size-sm  elementor-field-textual\" placeholder=\"Last Name\" required=\"required\">\n\t\t\t\t\t\t\t\t\t\t\t<\/div>\n\t\t\t\t\t\t\t\t<div class=\"elementor-field-type-email elementor-field-group elementor-column elementor-field-group-email elementor-col-100 elementor-field-required elementor-mark-required\">\n\t\t\t\t\t\t\t\t\t\t\t\t<label for=\"form-field-email\" class=\"elementor-field-label\">\n\t\t\t\t\t\t\t\tE-mail\t\t\t\t\t\t\t<\/label>\n\t\t\t\t\t\t\t\t\t\t\t\t\t\t<input size=\"1\" type=\"email\" name=\"form_fields[email]\" id=\"form-field-email\" class=\"elementor-field elementor-size-sm  elementor-field-textual\" placeholder=\"Email\" required=\"required\">\n\t\t\t\t\t\t\t\t\t\t\t<\/div>\n\t\t\t\t\t\t\t\t<div class=\"elementor-field-type-tel elementor-field-group elementor-column elementor-field-group-field_dcbaad3 elementor-col-100 elementor-field-required elementor-mark-required\">\n\t\t\t\t\t\t\t\t\t\t\t\t<label for=\"form-field-field_dcbaad3\" class=\"elementor-field-label\">\n\t\t\t\t\t\t\t\tT\u00e9l\u00e9phone\t\t\t\t\t\t\t<\/label>\n\t\t\t\t\t\t\t\t<input size=\"1\" type=\"tel\" name=\"form_fields[field_dcbaad3]\" id=\"form-field-field_dcbaad3\" class=\"elementor-field elementor-size-sm  elementor-field-textual\" placeholder=\"Phone\" required=\"required\" pattern=\"[0-9()#&amp;+*-=.]+\" title=\"Only numbers and phone characters (#, -, *, etc) are accepted.\">\n\n\t\t\t\t\t\t<\/div>\n\t\t\t\t\t\t\t\t<div class=\"elementor-field-type-textarea elementor-field-group elementor-column elementor-field-group-message elementor-col-100\">\n\t\t\t\t\t\t\t\t\t\t\t\t<label for=\"form-field-message\" class=\"elementor-field-label\">\n\t\t\t\t\t\t\t\tMessage\t\t\t\t\t\t\t<\/label>\n\t\t\t\t\t\t<textarea class=\"elementor-field-textual elementor-field  elementor-size-sm\" name=\"form_fields[message]\" id=\"form-field-message\" rows=\"4\" placeholder=\"Message\"><\/textarea>\t\t\t\t<\/div>\n\t\t\t\t\t\t\t\t<div class=\"elementor-field-type-recaptcha_v3 elementor-field-group elementor-column elementor-field-group-field_31f563f elementor-col-100 recaptcha_v3-bottomright\">\n\t\t\t\t\t<div class=\"elementor-field\" id=\"form-field-field_31f563f\"><div class=\"elementor-g-recaptcha\" data-sitekey=\"6LcoV_QqAAAAAJDtJvxNLjLrdxz-9H_I5kV19GUc\" data-type=\"v3\" data-action=\"Form\" data-badge=\"bottomright\" data-size=\"invisible\"><\/div><\/div>\t\t\t\t<\/div>\n\t\t\t\t\t\t\t\t<div class=\"elementor-field-group elementor-column elementor-field-type-submit elementor-col-100 e-form__buttons\">\n\t\t\t\t\t<button class=\"elementor-button elementor-size-sm\" type=\"submit\">\n\t\t\t\t\t\t<span class=\"elementor-button-content-wrapper\">\n\t\t\t\t\t\t\t\t\t\t\t\t\t\t\t\t\t\t\t\t\t\t<span class=\"elementor-button-text\">Send<\/span>\n\t\t\t\t\t\t\t\t\t\t\t\t\t<\/span>\n\t\t\t\t\t<\/button>\n\t\t\t\t<\/div>\n\t\t\t<\/div>\n\t\t<\/form>\n\t\t\t\t\t\t<\/div>\n\t\t\t\t\t<\/div>\n\t\t<\/div>\n\t\t\t\t\t<\/div>\n\t\t<\/section>\n\t\t\t\t<section class=\"elementor-section elementor-top-section elementor-element elementor-element-7411a44 elementor-section-boxed elementor-section-height-default elementor-section-height-default\" data-id=\"7411a44\" data-element_type=\"section\" data-e-type=\"section\" data-settings=\"{&quot;_ha_eqh_enable&quot;:false}\">\n\t\t\t\t\t\t<div class=\"elementor-container elementor-column-gap-default\">\n\t\t\t\t\t<div class=\"elementor-column elementor-col-100 elementor-top-column elementor-element elementor-element-b414e3c\" data-id=\"b414e3c\" data-element_type=\"column\" data-e-type=\"column\">\n\t\t\t<div class=\"elementor-widget-wrap elementor-element-populated\">\n\t\t\t\t\t\t<div class=\"elementor-element elementor-element-e9d3f65 elementor-widget elementor-widget-google_maps\" data-id=\"e9d3f65\" data-element_type=\"widget\" data-e-type=\"widget\" data-widget_type=\"google_maps.default\">\n\t\t\t\t\t\t\t<div class=\"elementor-custom-embed\">\n\t\t\t<iframe loading=\"lazy\"\n\t\t\t\t\tsrc=\"https:\/\/maps.google.com\/maps?q=au%20rielsing%205%20Route%20du%20vin%2068340%20Zellenberg&#038;t=m&#038;z=10&#038;output=embed&#038;iwloc=near\"\n\t\t\t\t\ttitle=\"au rielsing 5 Route du vin 68340 Zellenberg\"\n\t\t\t\t\taria-label=\"au rielsing 5 Route du vin 68340 Zellenberg\"\n\t\t\t><\/iframe>\n\t\t<\/div>\n\t\t\t\t\t\t<\/div>\n\t\t\t\t\t<\/div>\n\t\t<\/div>\n\t\t\t\t\t<\/div>\n\t\t<\/section>\n\t\t\t\t<\/div>\n\t\t","protected":false},"excerpt":{"rendered":"<p>Contact us With Riesling 5 Wine route 68340 Zellenberg Phone. : +33 3 89 47 85 85 E-mail: contact@au-riesling.com ROAD ACCESS: Coming from Mulhouse &gt; Take the exit D3 direction Ostheim- Ribeauvill\u00e9 &#8211; Riquewihr then follow Ribeauvill\u00e9. Coming from Strasbourg &gt; take the exit D416b direction Ostheim &#8211; Beblenheim &#8211; Riquewihr then follow Ribeauvill\u00e9 In [&hellip;]<\/p>\n","protected":false},"author":1,"featured_media":0,"parent":0,"menu_order":0,"comment_status":"closed","ping_status":"closed","template":"","meta":{"_acf_changed":false,"_mo_disable_npp":"","footnotes":""},"class_list":["post-1750","page","type-page","status-publish","hentry"],"acf":[],"yoast_head":"<!-- This site is optimized with the Yoast SEO plugin v27.3 - https:\/\/yoast.com\/product\/yoast-seo-wordpress\/ -->\n<title>3-star hotel Route des vins near Riquewihr - Contact - H\u00f4tel Restaurant climatis\u00e9 Alsace | Site Officiel<\/title>\n<meta name=\"description\" content=\"Book at the best price at our 3-star hotel restaurant &quot;Au Riesling&quot; in the heart of the Alsatian vineyard on the wine route, near Colmar.\" \/>\n<meta name=\"robots\" content=\"index, follow, max-snippet:-1, max-image-preview:large, max-video-preview:-1\" \/>\n<link rel=\"canonical\" href=\"https:\/\/www.au-riesling.com\/en\/contact\/\" \/>\n<meta property=\"og:locale\" content=\"en_US\" \/>\n<meta property=\"og:type\" content=\"article\" \/>\n<meta property=\"og:title\" content=\"3-star hotel Route des vins near Riquewihr - Contact - H\u00f4tel Restaurant climatis\u00e9 Alsace | Site Officiel\" \/>\n<meta property=\"og:description\" content=\"Book at the best price at our 3-star hotel restaurant &quot;Au Riesling&quot; in the heart of the Alsatian vineyard on the wine route, near Colmar.\" \/>\n<meta property=\"og:url\" content=\"https:\/\/www.au-riesling.com\/en\/contact\/\" \/>\n<meta property=\"og:site_name\" content=\"H\u00f4tel Restaurant climatis\u00e9 Alsace | Site Officiel\" \/>\n<meta property=\"article:modified_time\" content=\"2026-04-08T12:30:46+00:00\" \/>\n<meta property=\"og:image\" content=\"https:\/\/www.au-riesling.com\/wp-content\/uploads\/elementor\/thumbs\/contact-hotels-logo-qz9eab3xdk1vd4fx66yn3qrinevfpgeg89doh67ugw.png\" \/>\n<meta name=\"twitter:card\" content=\"summary_large_image\" \/>\n<meta name=\"twitter:label1\" content=\"Est. reading time\" \/>\n\t<meta name=\"twitter:data1\" content=\"1 minute\" \/>\n<script type=\"application\/ld+json\" class=\"yoast-schema-graph\">{\"@context\":\"https:\\\/\\\/schema.org\",\"@graph\":[{\"@type\":\"WebPage\",\"@id\":\"https:\\\/\\\/www.au-riesling.com\\\/en\\\/contact\\\/\",\"url\":\"https:\\\/\\\/www.au-riesling.com\\\/en\\\/contact\\\/\",\"name\":\"3-star hotel Route des vins near Riquewihr - Contact - H\u00f4tel Restaurant climatis\u00e9 Alsace | Site Officiel\",\"isPartOf\":{\"@id\":\"https:\\\/\\\/www.au-riesling.com\\\/en\\\/#website\"},\"primaryImageOfPage\":{\"@id\":\"https:\\\/\\\/www.au-riesling.com\\\/en\\\/contact\\\/#primaryimage\"},\"image\":{\"@id\":\"https:\\\/\\\/www.au-riesling.com\\\/en\\\/contact\\\/#primaryimage\"},\"thumbnailUrl\":\"https:\\\/\\\/www.au-riesling.com\\\/wp-content\\\/uploads\\\/elementor\\\/thumbs\\\/contact-hotels-logo-qz9eab3xdk1vd4fx66yn3qrinevfpgeg89doh67ugw.png\",\"datePublished\":\"2021-12-06T16:33:05+00:00\",\"dateModified\":\"2026-04-08T12:30:46+00:00\",\"description\":\"Book at the best price at our 3-star hotel restaurant \\\"Au Riesling\\\" in the heart of the Alsatian vineyard on the wine route, near Colmar.\",\"breadcrumb\":{\"@id\":\"https:\\\/\\\/www.au-riesling.com\\\/en\\\/contact\\\/#breadcrumb\"},\"inLanguage\":\"en-US\",\"potentialAction\":[{\"@type\":\"ReadAction\",\"target\":[\"https:\\\/\\\/www.au-riesling.com\\\/en\\\/contact\\\/\"]}]},{\"@type\":\"ImageObject\",\"inLanguage\":\"en-US\",\"@id\":\"https:\\\/\\\/www.au-riesling.com\\\/en\\\/contact\\\/#primaryimage\",\"url\":\"https:\\\/\\\/www.au-riesling.com\\\/wp-content\\\/uploads\\\/elementor\\\/thumbs\\\/contact-hotels-logo-qz9eab3xdk1vd4fx66yn3qrinevfpgeg89doh67ugw.png\",\"contentUrl\":\"https:\\\/\\\/www.au-riesling.com\\\/wp-content\\\/uploads\\\/elementor\\\/thumbs\\\/contact-hotels-logo-qz9eab3xdk1vd4fx66yn3qrinevfpgeg89doh67ugw.png\"},{\"@type\":\"BreadcrumbList\",\"@id\":\"https:\\\/\\\/www.au-riesling.com\\\/en\\\/contact\\\/#breadcrumb\",\"itemListElement\":[{\"@type\":\"ListItem\",\"position\":1,\"name\":\"Accueil\",\"item\":\"https:\\\/\\\/www.au-riesling.com\\\/en\\\/hotel-restaurant-alsace\\\/\"},{\"@type\":\"ListItem\",\"position\":2,\"name\":\"Contact\"}]},{\"@type\":\"WebSite\",\"@id\":\"https:\\\/\\\/www.au-riesling.com\\\/en\\\/#website\",\"url\":\"https:\\\/\\\/www.au-riesling.com\\\/en\\\/\",\"name\":\"H\u00f4tel Restaurant climatis\u00e9 Alsace | Site Officiel\",\"description\":\"&gt;&gt; Site Officiel H\u00f4tel Restaurant Au Riesling \u00e0 Zellenberg - Riquewihr en Alsace. Restaurant gastronomique climatis\u00e9, H\u00f4tel 3 \u00e9toiles climatis\u00e9 ...\",\"publisher\":{\"@id\":\"https:\\\/\\\/www.au-riesling.com\\\/en\\\/#organization\"},\"potentialAction\":[{\"@type\":\"SearchAction\",\"target\":{\"@type\":\"EntryPoint\",\"urlTemplate\":\"https:\\\/\\\/www.au-riesling.com\\\/en\\\/?s={search_term_string}\"},\"query-input\":{\"@type\":\"PropertyValueSpecification\",\"valueRequired\":true,\"valueName\":\"search_term_string\"}}],\"inLanguage\":\"en-US\"},{\"@type\":\"Organization\",\"@id\":\"https:\\\/\\\/www.au-riesling.com\\\/en\\\/#organization\",\"name\":\"H\u00f4tel Restaurant climatis\u00e9 Alsace | Site Officiel\",\"url\":\"https:\\\/\\\/www.au-riesling.com\\\/en\\\/\",\"logo\":{\"@type\":\"ImageObject\",\"inLanguage\":\"en-US\",\"@id\":\"https:\\\/\\\/www.au-riesling.com\\\/en\\\/#\\\/schema\\\/logo\\\/image\\\/\",\"url\":\"https:\\\/\\\/www.au-riesling.com\\\/wp-content\\\/uploads\\\/2021\\\/06\\\/logo_au_riesling_1500.png\",\"contentUrl\":\"https:\\\/\\\/www.au-riesling.com\\\/wp-content\\\/uploads\\\/2021\\\/06\\\/logo_au_riesling_1500.png\",\"width\":1500,\"height\":646,\"caption\":\"H\u00f4tel Restaurant climatis\u00e9 Alsace | Site Officiel\"},\"image\":{\"@id\":\"https:\\\/\\\/www.au-riesling.com\\\/en\\\/#\\\/schema\\\/logo\\\/image\\\/\"}}]}<\/script>\n<!-- \/ Yoast SEO plugin. -->","yoast_head_json":{"title":"3-star hotel Route des vins near Riquewihr - Contact - H\u00f4tel Restaurant climatis\u00e9 Alsace | Site Officiel","description":"Book at the best price at our 3-star hotel restaurant \"Au Riesling\" in the heart of the Alsatian vineyard on the wine route, near Colmar.","robots":{"index":"index","follow":"follow","max-snippet":"max-snippet:-1","max-image-preview":"max-image-preview:large","max-video-preview":"max-video-preview:-1"},"canonical":"https:\/\/www.au-riesling.com\/en\/contact\/","og_locale":"en_US","og_type":"article","og_title":"3-star hotel Route des vins near Riquewihr - Contact - H\u00f4tel Restaurant climatis\u00e9 Alsace | Site Officiel","og_description":"Book at the best price at our 3-star hotel restaurant \"Au Riesling\" in the heart of the Alsatian vineyard on the wine route, near Colmar.","og_url":"https:\/\/www.au-riesling.com\/en\/contact\/","og_site_name":"H\u00f4tel Restaurant climatis\u00e9 Alsace | Site Officiel","article_modified_time":"2026-04-08T12:30:46+00:00","og_image":[{"url":"https:\/\/www.au-riesling.com\/wp-content\/uploads\/elementor\/thumbs\/contact-hotels-logo-qz9eab3xdk1vd4fx66yn3qrinevfpgeg89doh67ugw.png","type":"","width":"","height":""}],"twitter_card":"summary_large_image","twitter_misc":{"Est. reading time":"1 minute"},"schema":{"@context":"https:\/\/schema.org","@graph":[{"@type":"WebPage","@id":"https:\/\/www.au-riesling.com\/en\/contact\/","url":"https:\/\/www.au-riesling.com\/en\/contact\/","name":"3-star hotel Route des vins near Riquewihr - Contact - H\u00f4tel Restaurant climatis\u00e9 Alsace | Site Officiel","isPartOf":{"@id":"https:\/\/www.au-riesling.com\/en\/#website"},"primaryImageOfPage":{"@id":"https:\/\/www.au-riesling.com\/en\/contact\/#primaryimage"},"image":{"@id":"https:\/\/www.au-riesling.com\/en\/contact\/#primaryimage"},"thumbnailUrl":"https:\/\/www.au-riesling.com\/wp-content\/uploads\/elementor\/thumbs\/contact-hotels-logo-qz9eab3xdk1vd4fx66yn3qrinevfpgeg89doh67ugw.png","datePublished":"2021-12-06T16:33:05+00:00","dateModified":"2026-04-08T12:30:46+00:00","description":"Book at the best price at our 3-star hotel restaurant \"Au Riesling\" in the heart of the Alsatian vineyard on the wine route, near Colmar.","breadcrumb":{"@id":"https:\/\/www.au-riesling.com\/en\/contact\/#breadcrumb"},"inLanguage":"en-US","potentialAction":[{"@type":"ReadAction","target":["https:\/\/www.au-riesling.com\/en\/contact\/"]}]},{"@type":"ImageObject","inLanguage":"en-US","@id":"https:\/\/www.au-riesling.com\/en\/contact\/#primaryimage","url":"https:\/\/www.au-riesling.com\/wp-content\/uploads\/elementor\/thumbs\/contact-hotels-logo-qz9eab3xdk1vd4fx66yn3qrinevfpgeg89doh67ugw.png","contentUrl":"https:\/\/www.au-riesling.com\/wp-content\/uploads\/elementor\/thumbs\/contact-hotels-logo-qz9eab3xdk1vd4fx66yn3qrinevfpgeg89doh67ugw.png"},{"@type":"BreadcrumbList","@id":"https:\/\/www.au-riesling.com\/en\/contact\/#breadcrumb","itemListElement":[{"@type":"ListItem","position":1,"name":"Accueil","item":"https:\/\/www.au-riesling.com\/en\/hotel-restaurant-alsace\/"},{"@type":"ListItem","position":2,"name":"Contact"}]},{"@type":"WebSite","@id":"https:\/\/www.au-riesling.com\/en\/#website","url":"https:\/\/www.au-riesling.com\/en\/","name":"H\u00f4tel Restaurant climatis\u00e9 Alsace | Site Officiel","description":"&gt;&gt; Site Officiel H\u00f4tel Restaurant Au Riesling \u00e0 Zellenberg - Riquewihr en Alsace. Restaurant gastronomique climatis\u00e9, H\u00f4tel 3 \u00e9toiles climatis\u00e9 ...","publisher":{"@id":"https:\/\/www.au-riesling.com\/en\/#organization"},"potentialAction":[{"@type":"SearchAction","target":{"@type":"EntryPoint","urlTemplate":"https:\/\/www.au-riesling.com\/en\/?s={search_term_string}"},"query-input":{"@type":"PropertyValueSpecification","valueRequired":true,"valueName":"search_term_string"}}],"inLanguage":"en-US"},{"@type":"Organization","@id":"https:\/\/www.au-riesling.com\/en\/#organization","name":"H\u00f4tel Restaurant climatis\u00e9 Alsace | Site Officiel","url":"https:\/\/www.au-riesling.com\/en\/","logo":{"@type":"ImageObject","inLanguage":"en-US","@id":"https:\/\/www.au-riesling.com\/en\/#\/schema\/logo\/image\/","url":"https:\/\/www.au-riesling.com\/wp-content\/uploads\/2021\/06\/logo_au_riesling_1500.png","contentUrl":"https:\/\/www.au-riesling.com\/wp-content\/uploads\/2021\/06\/logo_au_riesling_1500.png","width":1500,"height":646,"caption":"H\u00f4tel Restaurant climatis\u00e9 Alsace | Site Officiel"},"image":{"@id":"https:\/\/www.au-riesling.com\/en\/#\/schema\/logo\/image\/"}}]}},"_links":{"self":[{"href":"https:\/\/www.au-riesling.com\/en\/wp-json\/wp\/v2\/pages\/1750","targetHints":{"allow":["GET"]}}],"collection":[{"href":"https:\/\/www.au-riesling.com\/en\/wp-json\/wp\/v2\/pages"}],"about":[{"href":"https:\/\/www.au-riesling.com\/en\/wp-json\/wp\/v2\/types\/page"}],"author":[{"embeddable":true,"href":"https:\/\/www.au-riesling.com\/en\/wp-json\/wp\/v2\/users\/1"}],"replies":[{"embeddable":true,"href":"https:\/\/www.au-riesling.com\/en\/wp-json\/wp\/v2\/comments?post=1750"}],"version-history":[{"count":37,"href":"https:\/\/www.au-riesling.com\/en\/wp-json\/wp\/v2\/pages\/1750\/revisions"}],"predecessor-version":[{"id":9920,"href":"https:\/\/www.au-riesling.com\/en\/wp-json\/wp\/v2\/pages\/1750\/revisions\/9920"}],"wp:attachment":[{"href":"https:\/\/www.au-riesling.com\/en\/wp-json\/wp\/v2\/media?parent=1750"}],"curies":[{"name":"wp","href":"https:\/\/api.w.org\/{rel}","templated":true}]}}