{"id":5119,"date":"2022-06-23T12:02:18","date_gmt":"2022-06-23T10:02:18","guid":{"rendered":"https:\/\/www.au-riesling.com\/reservierungskalender\/"},"modified":"2022-06-23T14:58:03","modified_gmt":"2022-06-23T12:58:03","slug":"reservierungskalender","status":"publish","type":"page","link":"https:\/\/www.au-riesling.com\/de\/reservierungskalender\/","title":{"rendered":"Reservierungskalender"},"content":{"rendered":"\t\t<div data-elementor-type=\"wp-page\" data-elementor-id=\"5119\" class=\"elementor elementor-5119 elementor-5115\" data-elementor-settings=\"{&quot;ha_cmc_init_switcher&quot;:&quot;no&quot;}\" data-elementor-post-type=\"page\">\n\t\t\t\t\t\t<section class=\"elementor-section elementor-top-section elementor-element elementor-element-ff3903c elementor-section-height-min-height elementor-section-boxed elementor-section-height-default elementor-section-items-middle\" data-id=\"ff3903c\" data-element_type=\"section\" data-e-type=\"section\" data-settings=\"{&quot;background_background&quot;:&quot;classic&quot;,&quot;_ha_eqh_enable&quot;:false}\">\n\t\t\t\t\t\t\t<div class=\"elementor-background-overlay\"><\/div>\n\t\t\t\t\t\t\t<div class=\"elementor-container elementor-column-gap-default\">\n\t\t\t\t\t<div class=\"elementor-column elementor-col-100 elementor-top-column elementor-element elementor-element-c292b13\" data-id=\"c292b13\" data-element_type=\"column\" data-e-type=\"column\">\n\t\t\t<div class=\"elementor-widget-wrap elementor-element-populated\">\n\t\t\t\t\t\t<div class=\"elementor-element elementor-element-990f954 elementor-widget elementor-widget-heading\" data-id=\"990f954\" data-element_type=\"widget\" data-e-type=\"widget\" data-widget_type=\"heading.default\">\n\t\t\t\t\t<h2 class=\"elementor-heading-title elementor-size-default\">Reservierungskalender<\/h2>\t\t\t\t<\/div>\n\t\t<div class=\"elementor-element elementor-element-cbe04a3 e-flex e-con-boxed e-con e-parent\" data-id=\"cbe04a3\" data-element_type=\"container\" data-e-type=\"container\" data-settings=\"{&quot;_ha_eqh_enable&quot;:false}\">\n\t\t\t\t\t<div class=\"e-con-inner\">\n\t\t\t\t<div class=\"elementor-element elementor-element-204f490 elementor-widget elementor-widget-html\" data-id=\"204f490\" data-element_type=\"widget\" data-e-type=\"widget\" data-widget_type=\"html.default\">\n\t\t\t\t\t<div id=\"availpro-root\"><\/div>\n<script>\n(function (d, s, id) {\nvar js, fjs = d.getElementsByTagName(s)[0], p = \/^http:\/.test(d.location) ? \"http\" : \"https\";\nif (!d.getElementById(id)) {\njs = d.createElement(s);\njs.id = id;\njs.src = \"https:\/\/widgets.secure-hotel-booking.com\/Hotel-Au-Riesling\/2QC8\/21394\/fr\/BigCalendar\/\";\nfjs.parentNode.insertBefore(js, fjs);\n}\n})(document, \"script\", \"availpro-calendar\");\n<\/script>\t\t\t\t<\/div>\n\t\t\t\t\t<\/div>\n\t\t\t\t<\/div>\n\t\t\t\t\t<\/div>\n\t\t<\/div>\n\t\t\t\t\t<\/div>\n\t\t<\/section>\n\t\t\t\t<\/div>\n\t\t","protected":false},"excerpt":{"rendered":"<p>Reservierungskalender<\/p>\n","protected":false},"author":1,"featured_media":0,"parent":0,"menu_order":0,"comment_status":"closed","ping_status":"closed","template":"","meta":{"_acf_changed":false,"_mo_disable_npp":"","footnotes":""},"class_list":["post-5119","page","type-page","status-publish","hentry"],"acf":[],"yoast_head":"<!-- This site is optimized with the Yoast SEO plugin v27.3 - https:\/\/yoast.com\/product\/yoast-seo-wordpress\/ -->\n<title>Reservierungskalender - H\u00f4tel Restaurant climatis\u00e9 Alsace | Site Officiel<\/title>\n<meta name=\"robots\" content=\"index, follow, max-snippet:-1, max-image-preview:large, max-video-preview:-1\" \/>\n<link rel=\"canonical\" href=\"https:\/\/www.au-riesling.com\/de\/reservierungskalender\/\" \/>\n<meta property=\"og:locale\" content=\"de_DE\" \/>\n<meta property=\"og:type\" content=\"article\" \/>\n<meta property=\"og:title\" content=\"Reservierungskalender - H\u00f4tel Restaurant climatis\u00e9 Alsace | Site Officiel\" \/>\n<meta property=\"og:description\" content=\"Reservierungskalender\" \/>\n<meta property=\"og:url\" content=\"https:\/\/www.au-riesling.com\/de\/reservierungskalender\/\" \/>\n<meta property=\"og:site_name\" content=\"H\u00f4tel Restaurant climatis\u00e9 Alsace | Site Officiel\" \/>\n<meta property=\"article:modified_time\" content=\"2022-06-23T12:58:03+00:00\" \/>\n<meta name=\"twitter:card\" content=\"summary_large_image\" \/>\n<script type=\"application\/ld+json\" class=\"yoast-schema-graph\">{\"@context\":\"https:\\\/\\\/schema.org\",\"@graph\":[{\"@type\":\"WebPage\",\"@id\":\"https:\\\/\\\/www.au-riesling.com\\\/de\\\/reservierungskalender\\\/\",\"url\":\"https:\\\/\\\/www.au-riesling.com\\\/de\\\/reservierungskalender\\\/\",\"name\":\"Reservierungskalender - H\u00f4tel Restaurant climatis\u00e9 Alsace | Site Officiel\",\"isPartOf\":{\"@id\":\"https:\\\/\\\/www.au-riesling.com\\\/de\\\/#website\"},\"datePublished\":\"2022-06-23T10:02:18+00:00\",\"dateModified\":\"2022-06-23T12:58:03+00:00\",\"breadcrumb\":{\"@id\":\"https:\\\/\\\/www.au-riesling.com\\\/de\\\/reservierungskalender\\\/#breadcrumb\"},\"inLanguage\":\"de\",\"potentialAction\":[{\"@type\":\"ReadAction\",\"target\":[\"https:\\\/\\\/www.au-riesling.com\\\/de\\\/reservierungskalender\\\/\"]}]},{\"@type\":\"BreadcrumbList\",\"@id\":\"https:\\\/\\\/www.au-riesling.com\\\/de\\\/reservierungskalender\\\/#breadcrumb\",\"itemListElement\":[{\"@type\":\"ListItem\",\"position\":1,\"name\":\"Accueil\",\"item\":\"https:\\\/\\\/www.au-riesling.com\\\/de\\\/hotel-restaurant-elsass\\\/\"},{\"@type\":\"ListItem\",\"position\":2,\"name\":\"Reservierungskalender\"}]},{\"@type\":\"WebSite\",\"@id\":\"https:\\\/\\\/www.au-riesling.com\\\/de\\\/#website\",\"url\":\"https:\\\/\\\/www.au-riesling.com\\\/de\\\/\",\"name\":\"H\u00f4tel Restaurant climatis\u00e9 Alsace | Site Officiel\",\"description\":\"&gt;&gt; Site Officiel H\u00f4tel Restaurant Au Riesling \u00e0 Zellenberg - Riquewihr en Alsace. Restaurant gastronomique climatis\u00e9, H\u00f4tel 3 \u00e9toiles climatis\u00e9 ...\",\"publisher\":{\"@id\":\"https:\\\/\\\/www.au-riesling.com\\\/de\\\/#organization\"},\"potentialAction\":[{\"@type\":\"SearchAction\",\"target\":{\"@type\":\"EntryPoint\",\"urlTemplate\":\"https:\\\/\\\/www.au-riesling.com\\\/de\\\/?s={search_term_string}\"},\"query-input\":{\"@type\":\"PropertyValueSpecification\",\"valueRequired\":true,\"valueName\":\"search_term_string\"}}],\"inLanguage\":\"de\"},{\"@type\":\"Organization\",\"@id\":\"https:\\\/\\\/www.au-riesling.com\\\/de\\\/#organization\",\"name\":\"H\u00f4tel Restaurant climatis\u00e9 Alsace | Site Officiel\",\"url\":\"https:\\\/\\\/www.au-riesling.com\\\/de\\\/\",\"logo\":{\"@type\":\"ImageObject\",\"inLanguage\":\"de\",\"@id\":\"https:\\\/\\\/www.au-riesling.com\\\/de\\\/#\\\/schema\\\/logo\\\/image\\\/\",\"url\":\"https:\\\/\\\/www.au-riesling.com\\\/wp-content\\\/uploads\\\/2021\\\/06\\\/logo_au_riesling_1500.png\",\"contentUrl\":\"https:\\\/\\\/www.au-riesling.com\\\/wp-content\\\/uploads\\\/2021\\\/06\\\/logo_au_riesling_1500.png\",\"width\":1500,\"height\":646,\"caption\":\"H\u00f4tel Restaurant climatis\u00e9 Alsace | Site Officiel\"},\"image\":{\"@id\":\"https:\\\/\\\/www.au-riesling.com\\\/de\\\/#\\\/schema\\\/logo\\\/image\\\/\"}}]}<\/script>\n<!-- \/ Yoast SEO plugin. -->","yoast_head_json":{"title":"Reservierungskalender - H\u00f4tel Restaurant climatis\u00e9 Alsace | Site Officiel","robots":{"index":"index","follow":"follow","max-snippet":"max-snippet:-1","max-image-preview":"max-image-preview:large","max-video-preview":"max-video-preview:-1"},"canonical":"https:\/\/www.au-riesling.com\/de\/reservierungskalender\/","og_locale":"de_DE","og_type":"article","og_title":"Reservierungskalender - H\u00f4tel Restaurant climatis\u00e9 Alsace | Site Officiel","og_description":"Reservierungskalender","og_url":"https:\/\/www.au-riesling.com\/de\/reservierungskalender\/","og_site_name":"H\u00f4tel Restaurant climatis\u00e9 Alsace | Site Officiel","article_modified_time":"2022-06-23T12:58:03+00:00","twitter_card":"summary_large_image","schema":{"@context":"https:\/\/schema.org","@graph":[{"@type":"WebPage","@id":"https:\/\/www.au-riesling.com\/de\/reservierungskalender\/","url":"https:\/\/www.au-riesling.com\/de\/reservierungskalender\/","name":"Reservierungskalender - H\u00f4tel Restaurant climatis\u00e9 Alsace | Site Officiel","isPartOf":{"@id":"https:\/\/www.au-riesling.com\/de\/#website"},"datePublished":"2022-06-23T10:02:18+00:00","dateModified":"2022-06-23T12:58:03+00:00","breadcrumb":{"@id":"https:\/\/www.au-riesling.com\/de\/reservierungskalender\/#breadcrumb"},"inLanguage":"de","potentialAction":[{"@type":"ReadAction","target":["https:\/\/www.au-riesling.com\/de\/reservierungskalender\/"]}]},{"@type":"BreadcrumbList","@id":"https:\/\/www.au-riesling.com\/de\/reservierungskalender\/#breadcrumb","itemListElement":[{"@type":"ListItem","position":1,"name":"Accueil","item":"https:\/\/www.au-riesling.com\/de\/hotel-restaurant-elsass\/"},{"@type":"ListItem","position":2,"name":"Reservierungskalender"}]},{"@type":"WebSite","@id":"https:\/\/www.au-riesling.com\/de\/#website","url":"https:\/\/www.au-riesling.com\/de\/","name":"H\u00f4tel Restaurant climatis\u00e9 Alsace | Site Officiel","description":"&gt;&gt; Site Officiel H\u00f4tel Restaurant Au Riesling \u00e0 Zellenberg - Riquewihr en Alsace. Restaurant gastronomique climatis\u00e9, H\u00f4tel 3 \u00e9toiles climatis\u00e9 ...","publisher":{"@id":"https:\/\/www.au-riesling.com\/de\/#organization"},"potentialAction":[{"@type":"SearchAction","target":{"@type":"EntryPoint","urlTemplate":"https:\/\/www.au-riesling.com\/de\/?s={search_term_string}"},"query-input":{"@type":"PropertyValueSpecification","valueRequired":true,"valueName":"search_term_string"}}],"inLanguage":"de"},{"@type":"Organization","@id":"https:\/\/www.au-riesling.com\/de\/#organization","name":"H\u00f4tel Restaurant climatis\u00e9 Alsace | Site Officiel","url":"https:\/\/www.au-riesling.com\/de\/","logo":{"@type":"ImageObject","inLanguage":"de","@id":"https:\/\/www.au-riesling.com\/de\/#\/schema\/logo\/image\/","url":"https:\/\/www.au-riesling.com\/wp-content\/uploads\/2021\/06\/logo_au_riesling_1500.png","contentUrl":"https:\/\/www.au-riesling.com\/wp-content\/uploads\/2021\/06\/logo_au_riesling_1500.png","width":1500,"height":646,"caption":"H\u00f4tel Restaurant climatis\u00e9 Alsace | Site Officiel"},"image":{"@id":"https:\/\/www.au-riesling.com\/de\/#\/schema\/logo\/image\/"}}]}},"_links":{"self":[{"href":"https:\/\/www.au-riesling.com\/de\/wp-json\/wp\/v2\/pages\/5119","targetHints":{"allow":["GET"]}}],"collection":[{"href":"https:\/\/www.au-riesling.com\/de\/wp-json\/wp\/v2\/pages"}],"about":[{"href":"https:\/\/www.au-riesling.com\/de\/wp-json\/wp\/v2\/types\/page"}],"author":[{"embeddable":true,"href":"https:\/\/www.au-riesling.com\/de\/wp-json\/wp\/v2\/users\/1"}],"replies":[{"embeddable":true,"href":"https:\/\/www.au-riesling.com\/de\/wp-json\/wp\/v2\/comments?post=5119"}],"version-history":[{"count":13,"href":"https:\/\/www.au-riesling.com\/de\/wp-json\/wp\/v2\/pages\/5119\/revisions"}],"predecessor-version":[{"id":5194,"href":"https:\/\/www.au-riesling.com\/de\/wp-json\/wp\/v2\/pages\/5119\/revisions\/5194"}],"wp:attachment":[{"href":"https:\/\/www.au-riesling.com\/de\/wp-json\/wp\/v2\/media?parent=5119"}],"curies":[{"name":"wp","href":"https:\/\/api.w.org\/{rel}","templated":true}]}}