{"id":3732,"date":"2022-05-04T09:47:10","date_gmt":"2022-05-04T07:47:10","guid":{"rendered":"https:\/\/www.au-riesling.com\/pruefung\/"},"modified":"2022-05-04T09:47:11","modified_gmt":"2022-05-04T07:47:11","slug":"pruefung","status":"publish","type":"page","link":"https:\/\/www.au-riesling.com\/de\/pruefung\/","title":{"rendered":"Pr\u00fcfung"},"content":{"rendered":"\t\t<div data-elementor-type=\"wp-page\" data-elementor-id=\"3732\" class=\"elementor elementor-3732\" data-elementor-settings=\"{&quot;ha_cmc_init_switcher&quot;:&quot;no&quot;}\" data-elementor-post-type=\"page\">\n\t\t\t\t\t\t<section class=\"elementor-section elementor-top-section elementor-element elementor-element-ed95371 elementor-section-boxed elementor-section-height-default elementor-section-height-default\" data-id=\"ed95371\" data-element_type=\"section\" data-e-type=\"section\" data-settings=\"{&quot;_ha_eqh_enable&quot;:false}\">\n\t\t\t\t\t\t<div class=\"elementor-container elementor-column-gap-default\">\n\t\t\t\t\t<div class=\"elementor-column elementor-col-100 elementor-top-column elementor-element elementor-element-3529d09\" data-id=\"3529d09\" data-element_type=\"column\" data-e-type=\"column\">\n\t\t\t<div class=\"elementor-widget-wrap elementor-element-populated\">\n\t\t\t\t\t\t<div class=\"elementor-element elementor-element-b5d7995 elementor-posts--align-center elementor-grid-3 elementor-grid-tablet-2 elementor-grid-mobile-1 elementor-posts--thumbnail-top elementor-posts__hover-gradient elementor-widget elementor-widget-posts\" data-id=\"b5d7995\" data-element_type=\"widget\" data-e-type=\"widget\" data-settings=\"{&quot;cards_row_gap&quot;:{&quot;unit&quot;:&quot;px&quot;,&quot;size&quot;:50,&quot;sizes&quot;:[]},&quot;pagination_type&quot;:&quot;load_more_infinite_scroll&quot;,&quot;cards_columns&quot;:&quot;3&quot;,&quot;cards_columns_tablet&quot;:&quot;2&quot;,&quot;cards_columns_mobile&quot;:&quot;1&quot;,&quot;cards_row_gap_tablet&quot;:{&quot;unit&quot;:&quot;px&quot;,&quot;size&quot;:&quot;&quot;,&quot;sizes&quot;:[]},&quot;cards_row_gap_mobile&quot;:{&quot;unit&quot;:&quot;px&quot;,&quot;size&quot;:&quot;&quot;,&quot;sizes&quot;:[]},&quot;load_more_spinner&quot;:{&quot;value&quot;:&quot;fas fa-spinner&quot;,&quot;library&quot;:&quot;fa-solid&quot;}}\" data-widget_type=\"posts.cards\">\n\t\t\t\t<div class=\"elementor-widget-container\">\n\t\t\t\t\t\t\t<div class=\"elementor-posts-container elementor-posts elementor-posts--skin-cards elementor-grid\" role=\"list\">\n\t\t\t\t<article class=\"elementor-post elementor-grid-item post-4215 offer type-offer status-publish has-post-thumbnail hentry\" role=\"listitem\">\n\t\t\t<div class=\"elementor-post__card\">\n\t\t\t\t<a class=\"elementor-post__thumbnail__link\" href=\"https:\/\/www.au-riesling.com\/de\/feiern-sie-silvester-im-elsass-3-uebernachtungen\/\" tabindex=\"-1\" ><div class=\"elementor-post__thumbnail\"><img fetchpriority=\"high\" decoding=\"async\" width=\"800\" height=\"444\" src=\"https:\/\/www.au-riesling.com\/wp-content\/uploads\/2021\/08\/reveillon-2018.jpg\" class=\"attachment-large size-large wp-image-1116\" alt=\"\" srcset=\"https:\/\/www.au-riesling.com\/wp-content\/uploads\/2021\/08\/reveillon-2018.jpg 908w, https:\/\/www.au-riesling.com\/wp-content\/uploads\/2021\/08\/reveillon-2018-300x167.jpg 300w, https:\/\/www.au-riesling.com\/wp-content\/uploads\/2021\/08\/reveillon-2018-768x426.jpg 768w\" sizes=\"(max-width: 800px) 100vw, 800px\" \/><\/div><\/a>\n\t\t\t\t<div class=\"elementor-post__text\">\n\t\t\t\t<h3 class=\"elementor-post__title\">\n\t\t\t<a href=\"https:\/\/www.au-riesling.com\/de\/feiern-sie-silvester-im-elsass-3-uebernachtungen\/\" >\n\t\t\t\tFeiern Sie Silvester im Elsass &#8211; 3 \u00dcbernachtungen\t\t\t<\/a>\n\t\t<\/h3>\n\t\t\t\t<div class=\"elementor-post__excerpt\">\n\t\t\t<p>3 \u00dcbernachtungen f\u00fcr 2 Personen mit Abendessen ab 458.50 \u20ac\/Person!<\/p>\n\t\t<\/div>\n\t\t\n\t\t<a class=\"elementor-post__read-more\" href=\"https:\/\/www.au-riesling.com\/de\/feiern-sie-silvester-im-elsass-3-uebernachtungen\/\" aria-label=\"Mehr \u00fcber Feiern Sie Silvester im Elsass &#8211; 3 \u00dcbernachtungen\" tabindex=\"-1\" >\n\t\t\tEntdecken Sie das Angebot\t\t<\/a>\n\n\t\t\t\t<\/div>\n\t\t\t\t\t<\/div>\n\t\t<\/article>\n\t\t\t\t<article class=\"elementor-post elementor-grid-item post-4207 offer type-offer status-publish has-post-thumbnail hentry\" role=\"listitem\">\n\t\t\t<div class=\"elementor-post__card\">\n\t\t\t\t<a class=\"elementor-post__thumbnail__link\" href=\"https:\/\/www.au-riesling.com\/de\/pfingstwochenende-2-naechte-domaine-de-bouxhof-edel-et-fils-2\/\" tabindex=\"-1\" ><div class=\"elementor-post__thumbnail\"><img decoding=\"async\" width=\"800\" height=\"534\" src=\"https:\/\/www.au-riesling.com\/wp-content\/uploads\/2022\/05\/Hotel-Au-Riesling-Huhnawihr-05-1024x683.jpg\" class=\"attachment-large size-large wp-image-3917\" alt=\"\" srcset=\"https:\/\/www.au-riesling.com\/wp-content\/uploads\/2022\/05\/Hotel-Au-Riesling-Huhnawihr-05-1024x683.jpg 1024w, https:\/\/www.au-riesling.com\/wp-content\/uploads\/2022\/05\/Hotel-Au-Riesling-Huhnawihr-05-300x200.jpg 300w, https:\/\/www.au-riesling.com\/wp-content\/uploads\/2022\/05\/Hotel-Au-Riesling-Huhnawihr-05-768x512.jpg 768w, https:\/\/www.au-riesling.com\/wp-content\/uploads\/2022\/05\/Hotel-Au-Riesling-Huhnawihr-05-1536x1024.jpg 1536w, https:\/\/www.au-riesling.com\/wp-content\/uploads\/2022\/05\/Hotel-Au-Riesling-Huhnawihr-05-2048x1365.jpg 2048w\" sizes=\"(max-width: 800px) 100vw, 800px\" \/><\/div><\/a>\n\t\t\t\t<div class=\"elementor-post__text\">\n\t\t\t\t<h3 class=\"elementor-post__title\">\n\t\t\t<a href=\"https:\/\/www.au-riesling.com\/de\/pfingstwochenende-2-naechte-domaine-de-bouxhof-edel-et-fils-2\/\" >\n\t\t\t\tPfingstwochenende &#8211; 2 N\u00e4chte &#8211; Domaine Fritsch &amp; Fils\t\t\t<\/a>\n\t\t<\/h3>\n\t\t\t\t<div class=\"elementor-post__excerpt\">\n\t\t\t<p>Genie\u00dfen Sie das Pfingstwochenende im Herzen des Elsass zwischen Riquewihr und Ribeauvill\u00e9!<br \/>\n2 Personen, 2 \u00dcbernachtungen, Ab 238 \u20ac\/Person.<br \/>\n\/\/ In Partnerschaft mit DOMAINE FRITSCH et Fils in Riquewihr<\/p>\n\t\t<\/div>\n\t\t\n\t\t<a class=\"elementor-post__read-more\" href=\"https:\/\/www.au-riesling.com\/de\/pfingstwochenende-2-naechte-domaine-de-bouxhof-edel-et-fils-2\/\" aria-label=\"Mehr \u00fcber Pfingstwochenende &#8211; 2 N\u00e4chte &#8211; Domaine Fritsch &amp; Fils\" tabindex=\"-1\" >\n\t\t\tEntdecken Sie das Angebot\t\t<\/a>\n\n\t\t\t\t<\/div>\n\t\t\t\t\t<\/div>\n\t\t<\/article>\n\t\t\t\t<article class=\"elementor-post elementor-grid-item post-4205 offer type-offer status-publish has-post-thumbnail hentry\" role=\"listitem\">\n\t\t\t<div class=\"elementor-post__card\">\n\t\t\t\t<a class=\"elementor-post__thumbnail__link\" href=\"https:\/\/www.au-riesling.com\/de\/elsass-entspannung-3-4\/\" tabindex=\"-1\" ><div class=\"elementor-post__thumbnail\"><img decoding=\"async\" width=\"800\" height=\"472\" src=\"https:\/\/www.au-riesling.com\/wp-content\/uploads\/2021\/07\/au-riesling-102-2-1024x604.jpg\" class=\"attachment-large size-large wp-image-1832\" alt=\"\" srcset=\"https:\/\/www.au-riesling.com\/wp-content\/uploads\/2021\/07\/au-riesling-102-2-1024x604.jpg 1024w, https:\/\/www.au-riesling.com\/wp-content\/uploads\/2021\/07\/au-riesling-102-2-300x177.jpg 300w, https:\/\/www.au-riesling.com\/wp-content\/uploads\/2021\/07\/au-riesling-102-2-768x453.jpg 768w, https:\/\/www.au-riesling.com\/wp-content\/uploads\/2021\/07\/au-riesling-102-2.jpg 1536w\" sizes=\"(max-width: 800px) 100vw, 800px\" \/><\/div><\/a>\n\t\t\t\t<div class=\"elementor-post__text\">\n\t\t\t\t<h3 class=\"elementor-post__title\">\n\t\t\t<a href=\"https:\/\/www.au-riesling.com\/de\/elsass-entspannung-3-4\/\" >\n\t\t\t\tElsass Entspannung 3 = 4\t\t\t<\/a>\n\t\t<\/h3>\n\t\t\t\t<div class=\"elementor-post__excerpt\">\n\t\t\t<p>4 N\u00e4chte f\u00fcr 2 Personen, um das Elsass zu entdecken, wobei die 4. Nacht geschenkt wird!<br \/>\nAb 333\u20ac\/Person.<br \/>\nNehmen Sie sich Zeit zu zweit und entdecken Sie unsere fabelhaften els\u00e4ssischen Weinberge.<\/p>\n\t\t<\/div>\n\t\t\n\t\t<a class=\"elementor-post__read-more\" href=\"https:\/\/www.au-riesling.com\/de\/elsass-entspannung-3-4\/\" aria-label=\"Mehr \u00fcber Elsass Entspannung 3 = 4\" tabindex=\"-1\" >\n\t\t\tEntdecken Sie das Angebot\t\t<\/a>\n\n\t\t\t\t<\/div>\n\t\t\t\t\t<\/div>\n\t\t<\/article>\n\t\t\t\t<article class=\"elementor-post elementor-grid-item post-4198 offer type-offer status-publish has-post-thumbnail hentry\" role=\"listitem\">\n\t\t\t<div class=\"elementor-post__card\">\n\t\t\t\t<a class=\"elementor-post__thumbnail__link\" href=\"https:\/\/www.au-riesling.com\/de\/kommt-vorbei-und-feiert-mit-uns-weihnachten\/\" tabindex=\"-1\" ><div class=\"elementor-post__thumbnail\"><img loading=\"lazy\" decoding=\"async\" width=\"800\" height=\"578\" src=\"https:\/\/www.au-riesling.com\/wp-content\/uploads\/2021\/08\/santa-claus-carrying-sack-of-gifts.jpg\" class=\"attachment-large size-large wp-image-1107\" alt=\"\" srcset=\"https:\/\/www.au-riesling.com\/wp-content\/uploads\/2021\/08\/santa-claus-carrying-sack-of-gifts.jpg 872w, https:\/\/www.au-riesling.com\/wp-content\/uploads\/2021\/08\/santa-claus-carrying-sack-of-gifts-300x217.jpg 300w, https:\/\/www.au-riesling.com\/wp-content\/uploads\/2021\/08\/santa-claus-carrying-sack-of-gifts-768x555.jpg 768w\" sizes=\"(max-width: 800px) 100vw, 800px\" \/><\/div><\/a>\n\t\t\t\t<div class=\"elementor-post__text\">\n\t\t\t\t<h3 class=\"elementor-post__title\">\n\t\t\t<a href=\"https:\/\/www.au-riesling.com\/de\/kommt-vorbei-und-feiert-mit-uns-weihnachten\/\" >\n\t\t\t\tFeiern Sie Weihnachten mit uns\t\t\t<\/a>\n\t\t<\/h3>\n\t\t\t\t<div class=\"elementor-post__excerpt\">\n\t\t\t<p>3 \u00dcbernachtungen f\u00fcr 2 Personen inklusive Abendessen ab 443 \u20ac pro Person!<\/p>\n\t\t<\/div>\n\t\t\n\t\t<a class=\"elementor-post__read-more\" href=\"https:\/\/www.au-riesling.com\/de\/kommt-vorbei-und-feiert-mit-uns-weihnachten\/\" aria-label=\"Mehr \u00fcber Feiern Sie Weihnachten mit uns\" tabindex=\"-1\" >\n\t\t\tEntdecken Sie das Angebot\t\t<\/a>\n\n\t\t\t\t<\/div>\n\t\t\t\t\t<\/div>\n\t\t<\/article>\n\t\t\t\t<article class=\"elementor-post elementor-grid-item post-4186 offer type-offer status-publish has-post-thumbnail hentry\" role=\"listitem\">\n\t\t\t<div class=\"elementor-post__card\">\n\t\t\t\t<a class=\"elementor-post__thumbnail__link\" href=\"https:\/\/www.au-riesling.com\/de\/feiern-sie-silvester-im-elsass-5-uebernachtungen\/\" tabindex=\"-1\" ><div class=\"elementor-post__thumbnail\"><img loading=\"lazy\" decoding=\"async\" width=\"614\" height=\"400\" src=\"https:\/\/www.au-riesling.com\/wp-content\/uploads\/2022\/04\/St-Sylvestre-Au-Riesling.png\" class=\"attachment-large size-large wp-image-3261\" alt=\"\" srcset=\"https:\/\/www.au-riesling.com\/wp-content\/uploads\/2022\/04\/St-Sylvestre-Au-Riesling.png 614w, https:\/\/www.au-riesling.com\/wp-content\/uploads\/2022\/04\/St-Sylvestre-Au-Riesling-300x195.png 300w\" sizes=\"(max-width: 614px) 100vw, 614px\" \/><\/div><\/a>\n\t\t\t\t<div class=\"elementor-post__text\">\n\t\t\t\t<h3 class=\"elementor-post__title\">\n\t\t\t<a href=\"https:\/\/www.au-riesling.com\/de\/feiern-sie-silvester-im-elsass-5-uebernachtungen\/\" >\n\t\t\t\tFeiern Sie Silvester im Elsass &#8211; 5 \u00dcbernachtungen\t\t\t<\/a>\n\t\t<\/h3>\n\t\t\t\t<div class=\"elementor-post__excerpt\">\n\t\t\t<p>5 \u00dcbernachtungen mit Abendessen f\u00fcr 2 Personen ab 678.50 \u20ac \/ Pers.<br \/>\nTreffpunkt &#8222;Au Riesling&#8220; f\u00fcr das neue Jahr!<\/p>\n\t\t<\/div>\n\t\t\n\t\t<a class=\"elementor-post__read-more\" href=\"https:\/\/www.au-riesling.com\/de\/feiern-sie-silvester-im-elsass-5-uebernachtungen\/\" aria-label=\"Mehr \u00fcber Feiern Sie Silvester im Elsass &#8211; 5 \u00dcbernachtungen\" tabindex=\"-1\" >\n\t\t\tEntdecken Sie das Angebot\t\t<\/a>\n\n\t\t\t\t<\/div>\n\t\t\t\t\t<\/div>\n\t\t<\/article>\n\t\t\t\t<article class=\"elementor-post elementor-grid-item post-4185 offer type-offer status-publish has-post-thumbnail hentry\" role=\"listitem\">\n\t\t\t<div class=\"elementor-post__card\">\n\t\t\t\t<a class=\"elementor-post__thumbnail__link\" href=\"https:\/\/www.au-riesling.com\/de\/elsaesser-traum-4-5\/\" tabindex=\"-1\" ><div class=\"elementor-post__thumbnail\"><img loading=\"lazy\" decoding=\"async\" width=\"800\" height=\"546\" src=\"https:\/\/www.au-riesling.com\/wp-content\/uploads\/2021\/07\/riesling-09a-1024x699.jpg\" class=\"attachment-large size-large wp-image-1859\" alt=\"\" srcset=\"https:\/\/www.au-riesling.com\/wp-content\/uploads\/2021\/07\/riesling-09a-1024x699.jpg 1024w, https:\/\/www.au-riesling.com\/wp-content\/uploads\/2021\/07\/riesling-09a-300x205.jpg 300w, https:\/\/www.au-riesling.com\/wp-content\/uploads\/2021\/07\/riesling-09a-768x525.jpg 768w, https:\/\/www.au-riesling.com\/wp-content\/uploads\/2021\/07\/riesling-09a.jpg 1536w\" sizes=\"(max-width: 800px) 100vw, 800px\" \/><\/div><\/a>\n\t\t\t\t<div class=\"elementor-post__text\">\n\t\t\t\t<h3 class=\"elementor-post__title\">\n\t\t\t<a href=\"https:\/\/www.au-riesling.com\/de\/elsaesser-traum-4-5\/\" >\n\t\t\t\tEls\u00e4sser Traum 4 = 5\t\t\t<\/a>\n\t\t<\/h3>\n\t\t\t\t<div class=\"elementor-post__excerpt\">\n\t\t\t<p>Entspannen Sie sich mit 5 \u00dcbernachtungen zum Preis von 4!<br \/>\n2 Personen, 5 \u00dcbernachtungen, Ab 441.50\u20ac\/Person.<br \/>\nEntspannen Sie sich in unserem Haus in der N\u00e4he von Riquewihr, im Herzen der els\u00e4ssischen Weinstra\u00dfe!<\/p>\n\t\t<\/div>\n\t\t\n\t\t<a class=\"elementor-post__read-more\" href=\"https:\/\/www.au-riesling.com\/de\/elsaesser-traum-4-5\/\" aria-label=\"Mehr \u00fcber Els\u00e4sser Traum 4 = 5\" tabindex=\"-1\" >\n\t\t\tEntdecken Sie das Angebot\t\t<\/a>\n\n\t\t\t\t<\/div>\n\t\t\t\t\t<\/div>\n\t\t<\/article>\n\t\t\t\t<article class=\"elementor-post elementor-grid-item post-4183 offer type-offer status-publish has-post-thumbnail hentry\" role=\"listitem\">\n\t\t\t<div class=\"elementor-post__card\">\n\t\t\t\t<a class=\"elementor-post__thumbnail__link\" href=\"https:\/\/www.au-riesling.com\/de\/himmelfahrtswochenende-3-naechte-domaine-denis-meyer-et-filles\/\" tabindex=\"-1\" ><div class=\"elementor-post__thumbnail\"><img loading=\"lazy\" decoding=\"async\" width=\"800\" height=\"417\" src=\"https:\/\/www.au-riesling.com\/wp-content\/uploads\/2022\/05\/week-end-de-lascension-3-nuits-domaine-edmond-rentz-1-large.jpg\" class=\"attachment-large size-large wp-image-4389\" alt=\"\" srcset=\"https:\/\/www.au-riesling.com\/wp-content\/uploads\/2022\/05\/week-end-de-lascension-3-nuits-domaine-edmond-rentz-1-large.jpg 1024w, https:\/\/www.au-riesling.com\/wp-content\/uploads\/2022\/05\/week-end-de-lascension-3-nuits-domaine-edmond-rentz-1-medium.jpg 300w, https:\/\/www.au-riesling.com\/wp-content\/uploads\/2022\/05\/week-end-de-lascension-3-nuits-domaine-edmond-rentz-1-medium_large.jpg 768w, https:\/\/www.au-riesling.com\/wp-content\/uploads\/2022\/05\/week-end-de-lascension-3-nuits-domaine-edmond-rentz-1-1536x1536.jpg 1536w, https:\/\/www.au-riesling.com\/wp-content\/uploads\/2022\/05\/week-end-de-lascension-3-nuits-domaine-edmond-rentz-1.jpg 1600w\" sizes=\"(max-width: 800px) 100vw, 800px\" \/><\/div><\/a>\n\t\t\t\t<div class=\"elementor-post__text\">\n\t\t\t\t<h3 class=\"elementor-post__title\">\n\t\t\t<a href=\"https:\/\/www.au-riesling.com\/de\/himmelfahrtswochenende-3-naechte-domaine-denis-meyer-et-filles\/\" >\n\t\t\t\tHimmelfahrtswochenende &#8211; 3 \u00dcbernachtungen &#8211; Domaine Edmond RENTZ\t\t\t<\/a>\n\t\t<\/h3>\n\t\t\t\t<div class=\"elementor-post__excerpt\">\n\t\t\t<p>Genie\u00dfen Sie ein Wochenende im Herzen des Elsass zwischen Ribeauvill\u00e9 und Riquewihr!<\/p>\n<p>2 Personen, 3 \u00dcbernachtungen. Ab 348\u20ac\/Person <\/p>\n<p>In Zusammenarbeit mit dem Weingut Edmond RENTZ in Zellenberg<\/p>\n\t\t<\/div>\n\t\t\n\t\t<a class=\"elementor-post__read-more\" href=\"https:\/\/www.au-riesling.com\/de\/himmelfahrtswochenende-3-naechte-domaine-denis-meyer-et-filles\/\" aria-label=\"Mehr \u00fcber Himmelfahrtswochenende &#8211; 3 \u00dcbernachtungen &#8211; Domaine Edmond RENTZ\" tabindex=\"-1\" >\n\t\t\tEntdecken Sie das Angebot\t\t<\/a>\n\n\t\t\t\t<\/div>\n\t\t\t\t\t<\/div>\n\t\t<\/article>\n\t\t\t\t<article class=\"elementor-post elementor-grid-item post-4162 offer type-offer status-publish has-post-thumbnail hentry\" role=\"listitem\">\n\t\t\t<div class=\"elementor-post__card\">\n\t\t\t\t<a class=\"elementor-post__thumbnail__link\" href=\"https:\/\/www.au-riesling.com\/de\/elsass-entdeckung-2-3\/\" tabindex=\"-1\" ><div class=\"elementor-post__thumbnail\"><img loading=\"lazy\" decoding=\"async\" width=\"800\" height=\"530\" src=\"https:\/\/www.au-riesling.com\/wp-content\/uploads\/2021\/09\/dsc00238-1024x678.jpg\" class=\"attachment-large size-large wp-image-1483\" alt=\"\" srcset=\"https:\/\/www.au-riesling.com\/wp-content\/uploads\/2021\/09\/dsc00238-1024x678.jpg 1024w, https:\/\/www.au-riesling.com\/wp-content\/uploads\/2021\/09\/dsc00238-300x199.jpg 300w, https:\/\/www.au-riesling.com\/wp-content\/uploads\/2021\/09\/dsc00238-768x509.jpg 768w, https:\/\/www.au-riesling.com\/wp-content\/uploads\/2021\/09\/dsc00238.jpg 1536w\" sizes=\"(max-width: 800px) 100vw, 800px\" \/><\/div><\/a>\n\t\t\t\t<div class=\"elementor-post__text\">\n\t\t\t\t<h3 class=\"elementor-post__title\">\n\t\t\t<a href=\"https:\/\/www.au-riesling.com\/de\/elsass-entdeckung-2-3\/\" >\n\t\t\t\tElsass Entdeckung 2 = 3\t\t\t<\/a>\n\t\t<\/h3>\n\t\t\t\t<div class=\"elementor-post__excerpt\">\n\t\t\t<p>3 N\u00e4chte zum Preis von 2!! Hotel In der N\u00e4he von Ribeauvill\u00e9 und Riquewihr im Elsass<br \/>\nAb 235\u20ac\/Person<br \/>\nKommen Sie und entdecken Sie den authentischen Charme des Elsass.<\/p>\n\t\t<\/div>\n\t\t\n\t\t<a class=\"elementor-post__read-more\" href=\"https:\/\/www.au-riesling.com\/de\/elsass-entdeckung-2-3\/\" aria-label=\"Mehr \u00fcber Elsass Entdeckung 2 = 3\" tabindex=\"-1\" >\n\t\t\tEntdecken Sie das Angebot\t\t<\/a>\n\n\t\t\t\t<\/div>\n\t\t\t\t\t<\/div>\n\t\t<\/article>\n\t\t\t\t<\/div>\n\t\t\t\t\t<span class=\"e-load-more-spinner\">\n\t\t\t\t<svg aria-hidden=\"true\" class=\"e-font-icon-svg e-fas-spinner\" viewBox=\"0 0 512 512\" xmlns=\"http:\/\/www.w3.org\/2000\/svg\"><path d=\"M304 48c0 26.51-21.49 48-48 48s-48-21.49-48-48 21.49-48 48-48 48 21.49 48 48zm-48 368c-26.51 0-48 21.49-48 48s21.49 48 48 48 48-21.49 48-48-21.49-48-48-48zm208-208c-26.51 0-48 21.49-48 48s21.49 48 48 48 48-21.49 48-48-21.49-48-48-48zM96 256c0-26.51-21.49-48-48-48S0 229.49 0 256s21.49 48 48 48 48-21.49 48-48zm12.922 99.078c-26.51 0-48 21.49-48 48s21.49 48 48 48 48-21.49 48-48c0-26.509-21.491-48-48-48zm294.156 0c-26.51 0-48 21.49-48 48s21.49 48 48 48 48-21.49 48-48c0-26.509-21.49-48-48-48zM108.922 60.922c-26.51 0-48 21.49-48 48s21.49 48 48 48 48-21.49 48-48-21.491-48-48-48z\"><\/path><\/svg>\t\t\t<\/span>\n\t\t\n\t\t\t\t\t\t<\/div>\n\t\t\t\t<\/div>\n\t\t\t\t\t<\/div>\n\t\t<\/div>\n\t\t\t\t\t<\/div>\n\t\t<\/section>\n\t\t\t\t<\/div>\n\t\t","protected":false},"excerpt":{"rendered":"","protected":false},"author":1,"featured_media":0,"parent":0,"menu_order":0,"comment_status":"closed","ping_status":"closed","template":"","meta":{"_acf_changed":false,"_mo_disable_npp":"","footnotes":""},"class_list":["post-3732","page","type-page","status-publish","hentry"],"acf":[],"yoast_head":"<!-- This site is optimized with the Yoast SEO plugin v27.3 - https:\/\/yoast.com\/product\/yoast-seo-wordpress\/ -->\n<title>Pr\u00fcfung - H\u00f4tel Restaurant climatis\u00e9 Alsace | Site Officiel<\/title>\n<meta name=\"robots\" content=\"index, follow, max-snippet:-1, max-image-preview:large, max-video-preview:-1\" \/>\n<link rel=\"canonical\" href=\"https:\/\/www.au-riesling.com\/de\/pruefung\/\" \/>\n<meta property=\"og:locale\" content=\"de_DE\" \/>\n<meta property=\"og:type\" content=\"article\" \/>\n<meta property=\"og:title\" content=\"Pr\u00fcfung - H\u00f4tel Restaurant climatis\u00e9 Alsace | Site Officiel\" \/>\n<meta property=\"og:url\" content=\"https:\/\/www.au-riesling.com\/de\/pruefung\/\" \/>\n<meta property=\"og:site_name\" content=\"H\u00f4tel Restaurant climatis\u00e9 Alsace | Site Officiel\" \/>\n<meta property=\"article:modified_time\" content=\"2022-05-04T07:47:11+00:00\" \/>\n<meta name=\"twitter:card\" content=\"summary_large_image\" \/>\n<script type=\"application\/ld+json\" class=\"yoast-schema-graph\">{\"@context\":\"https:\\\/\\\/schema.org\",\"@graph\":[{\"@type\":\"WebPage\",\"@id\":\"https:\\\/\\\/www.au-riesling.com\\\/de\\\/pruefung\\\/\",\"url\":\"https:\\\/\\\/www.au-riesling.com\\\/de\\\/pruefung\\\/\",\"name\":\"Pr\u00fcfung - H\u00f4tel Restaurant climatis\u00e9 Alsace | Site Officiel\",\"isPartOf\":{\"@id\":\"https:\\\/\\\/www.au-riesling.com\\\/de\\\/#website\"},\"datePublished\":\"2022-05-04T07:47:10+00:00\",\"dateModified\":\"2022-05-04T07:47:11+00:00\",\"breadcrumb\":{\"@id\":\"https:\\\/\\\/www.au-riesling.com\\\/de\\\/pruefung\\\/#breadcrumb\"},\"inLanguage\":\"de\",\"potentialAction\":[{\"@type\":\"ReadAction\",\"target\":[\"https:\\\/\\\/www.au-riesling.com\\\/de\\\/pruefung\\\/\"]}]},{\"@type\":\"BreadcrumbList\",\"@id\":\"https:\\\/\\\/www.au-riesling.com\\\/de\\\/pruefung\\\/#breadcrumb\",\"itemListElement\":[{\"@type\":\"ListItem\",\"position\":1,\"name\":\"Accueil\",\"item\":\"https:\\\/\\\/www.au-riesling.com\\\/de\\\/hotel-restaurant-elsass\\\/\"},{\"@type\":\"ListItem\",\"position\":2,\"name\":\"Pr\u00fcfung\"}]},{\"@type\":\"WebSite\",\"@id\":\"https:\\\/\\\/www.au-riesling.com\\\/de\\\/#website\",\"url\":\"https:\\\/\\\/www.au-riesling.com\\\/de\\\/\",\"name\":\"H\u00f4tel Restaurant climatis\u00e9 Alsace | Site Officiel\",\"description\":\"&gt;&gt; Site Officiel H\u00f4tel Restaurant Au Riesling \u00e0 Zellenberg - Riquewihr en Alsace. Restaurant gastronomique climatis\u00e9, H\u00f4tel 3 \u00e9toiles climatis\u00e9 ...\",\"publisher\":{\"@id\":\"https:\\\/\\\/www.au-riesling.com\\\/de\\\/#organization\"},\"potentialAction\":[{\"@type\":\"SearchAction\",\"target\":{\"@type\":\"EntryPoint\",\"urlTemplate\":\"https:\\\/\\\/www.au-riesling.com\\\/de\\\/?s={search_term_string}\"},\"query-input\":{\"@type\":\"PropertyValueSpecification\",\"valueRequired\":true,\"valueName\":\"search_term_string\"}}],\"inLanguage\":\"de\"},{\"@type\":\"Organization\",\"@id\":\"https:\\\/\\\/www.au-riesling.com\\\/de\\\/#organization\",\"name\":\"H\u00f4tel Restaurant climatis\u00e9 Alsace | Site Officiel\",\"url\":\"https:\\\/\\\/www.au-riesling.com\\\/de\\\/\",\"logo\":{\"@type\":\"ImageObject\",\"inLanguage\":\"de\",\"@id\":\"https:\\\/\\\/www.au-riesling.com\\\/de\\\/#\\\/schema\\\/logo\\\/image\\\/\",\"url\":\"https:\\\/\\\/www.au-riesling.com\\\/wp-content\\\/uploads\\\/2021\\\/06\\\/logo_au_riesling_1500.png\",\"contentUrl\":\"https:\\\/\\\/www.au-riesling.com\\\/wp-content\\\/uploads\\\/2021\\\/06\\\/logo_au_riesling_1500.png\",\"width\":1500,\"height\":646,\"caption\":\"H\u00f4tel Restaurant climatis\u00e9 Alsace | Site Officiel\"},\"image\":{\"@id\":\"https:\\\/\\\/www.au-riesling.com\\\/de\\\/#\\\/schema\\\/logo\\\/image\\\/\"}}]}<\/script>\n<!-- \/ Yoast SEO plugin. -->","yoast_head_json":{"title":"Pr\u00fcfung - H\u00f4tel Restaurant climatis\u00e9 Alsace | Site Officiel","robots":{"index":"index","follow":"follow","max-snippet":"max-snippet:-1","max-image-preview":"max-image-preview:large","max-video-preview":"max-video-preview:-1"},"canonical":"https:\/\/www.au-riesling.com\/de\/pruefung\/","og_locale":"de_DE","og_type":"article","og_title":"Pr\u00fcfung - H\u00f4tel Restaurant climatis\u00e9 Alsace | Site Officiel","og_url":"https:\/\/www.au-riesling.com\/de\/pruefung\/","og_site_name":"H\u00f4tel Restaurant climatis\u00e9 Alsace | Site Officiel","article_modified_time":"2022-05-04T07:47:11+00:00","twitter_card":"summary_large_image","schema":{"@context":"https:\/\/schema.org","@graph":[{"@type":"WebPage","@id":"https:\/\/www.au-riesling.com\/de\/pruefung\/","url":"https:\/\/www.au-riesling.com\/de\/pruefung\/","name":"Pr\u00fcfung - H\u00f4tel Restaurant climatis\u00e9 Alsace | Site Officiel","isPartOf":{"@id":"https:\/\/www.au-riesling.com\/de\/#website"},"datePublished":"2022-05-04T07:47:10+00:00","dateModified":"2022-05-04T07:47:11+00:00","breadcrumb":{"@id":"https:\/\/www.au-riesling.com\/de\/pruefung\/#breadcrumb"},"inLanguage":"de","potentialAction":[{"@type":"ReadAction","target":["https:\/\/www.au-riesling.com\/de\/pruefung\/"]}]},{"@type":"BreadcrumbList","@id":"https:\/\/www.au-riesling.com\/de\/pruefung\/#breadcrumb","itemListElement":[{"@type":"ListItem","position":1,"name":"Accueil","item":"https:\/\/www.au-riesling.com\/de\/hotel-restaurant-elsass\/"},{"@type":"ListItem","position":2,"name":"Pr\u00fcfung"}]},{"@type":"WebSite","@id":"https:\/\/www.au-riesling.com\/de\/#website","url":"https:\/\/www.au-riesling.com\/de\/","name":"H\u00f4tel Restaurant climatis\u00e9 Alsace | Site Officiel","description":"&gt;&gt; Site Officiel H\u00f4tel Restaurant Au Riesling \u00e0 Zellenberg - Riquewihr en Alsace. Restaurant gastronomique climatis\u00e9, H\u00f4tel 3 \u00e9toiles climatis\u00e9 ...","publisher":{"@id":"https:\/\/www.au-riesling.com\/de\/#organization"},"potentialAction":[{"@type":"SearchAction","target":{"@type":"EntryPoint","urlTemplate":"https:\/\/www.au-riesling.com\/de\/?s={search_term_string}"},"query-input":{"@type":"PropertyValueSpecification","valueRequired":true,"valueName":"search_term_string"}}],"inLanguage":"de"},{"@type":"Organization","@id":"https:\/\/www.au-riesling.com\/de\/#organization","name":"H\u00f4tel Restaurant climatis\u00e9 Alsace | Site Officiel","url":"https:\/\/www.au-riesling.com\/de\/","logo":{"@type":"ImageObject","inLanguage":"de","@id":"https:\/\/www.au-riesling.com\/de\/#\/schema\/logo\/image\/","url":"https:\/\/www.au-riesling.com\/wp-content\/uploads\/2021\/06\/logo_au_riesling_1500.png","contentUrl":"https:\/\/www.au-riesling.com\/wp-content\/uploads\/2021\/06\/logo_au_riesling_1500.png","width":1500,"height":646,"caption":"H\u00f4tel Restaurant climatis\u00e9 Alsace | Site Officiel"},"image":{"@id":"https:\/\/www.au-riesling.com\/de\/#\/schema\/logo\/image\/"}}]}},"_links":{"self":[{"href":"https:\/\/www.au-riesling.com\/de\/wp-json\/wp\/v2\/pages\/3732","targetHints":{"allow":["GET"]}}],"collection":[{"href":"https:\/\/www.au-riesling.com\/de\/wp-json\/wp\/v2\/pages"}],"about":[{"href":"https:\/\/www.au-riesling.com\/de\/wp-json\/wp\/v2\/types\/page"}],"author":[{"embeddable":true,"href":"https:\/\/www.au-riesling.com\/de\/wp-json\/wp\/v2\/users\/1"}],"replies":[{"embeddable":true,"href":"https:\/\/www.au-riesling.com\/de\/wp-json\/wp\/v2\/comments?post=3732"}],"version-history":[{"count":1,"href":"https:\/\/www.au-riesling.com\/de\/wp-json\/wp\/v2\/pages\/3732\/revisions"}],"predecessor-version":[{"id":3734,"href":"https:\/\/www.au-riesling.com\/de\/wp-json\/wp\/v2\/pages\/3732\/revisions\/3734"}],"wp:attachment":[{"href":"https:\/\/www.au-riesling.com\/de\/wp-json\/wp\/v2\/media?parent=3732"}],"curies":[{"name":"wp","href":"https:\/\/api.w.org\/{rel}","templated":true}]}}